{"id":4079,"date":"2014-09-25T15:39:07","date_gmt":"2014-09-25T15:39:07","guid":{"rendered":"http:\/\/capethemes.com\/demo\/outdoor\/classic\/?page_id=4079"},"modified":"2023-10-31T10:54:45","modified_gmt":"2023-10-31T13:54:45","slug":"home-2","status":"publish","type":"page","link":"https:\/\/tottun.com.br\/e-book\/","title":{"rendered":"Home"},"content":{"rendered":"\t\t<div data-elementor-type=\"wp-page\" data-elementor-id=\"4079\" class=\"elementor elementor-4079\" data-elementor-post-type=\"page\">\n\t\t\t\t\t\t<section class=\"elementor-section elementor-top-section elementor-element elementor-element-9b55af7 elementor-section-full_width elementor-section-height-full elementor-section-height-default elementor-section-items-middle\" data-id=\"9b55af7\" data-element_type=\"section\" data-settings=\"{&quot;background_background&quot;:&quot;slideshow&quot;,&quot;background_slideshow_gallery&quot;:[{&quot;id&quot;:36,&quot;url&quot;:&quot;https:\\\/\\\/tottun.com.br\\\/e-book\\\/wp-content\\\/uploads\\\/2023\\\/10\\\/ag1.jpg&quot;},{&quot;id&quot;:6928,&quot;url&quot;:&quot;https:\\\/\\\/tottun.com.br\\\/e-book\\\/wp-content\\\/uploads\\\/2023\\\/10\\\/ag5.jpg&quot;},{&quot;id&quot;:6929,&quot;url&quot;:&quot;https:\\\/\\\/tottun.com.br\\\/e-book\\\/wp-content\\\/uploads\\\/2023\\\/10\\\/sa1.jpg&quot;},{&quot;id&quot;:6930,&quot;url&quot;:&quot;https:\\\/\\\/tottun.com.br\\\/e-book\\\/wp-content\\\/uploads\\\/2023\\\/10\\\/sm2.jpg&quot;},{&quot;id&quot;:6931,&quot;url&quot;:&quot;https:\\\/\\\/tottun.com.br\\\/e-book\\\/wp-content\\\/uploads\\\/2023\\\/10\\\/3-1.jpeg&quot;},{&quot;id&quot;:6933,&quot;url&quot;:&quot;https:\\\/\\\/tottun.com.br\\\/e-book\\\/wp-content\\\/uploads\\\/2023\\\/10\\\/9.jpeg&quot;}],&quot;shape_divider_bottom&quot;:&quot;mountains&quot;,&quot;background_slideshow_loop&quot;:&quot;yes&quot;,&quot;background_slideshow_slide_duration&quot;:5000,&quot;background_slideshow_slide_transition&quot;:&quot;fade&quot;,&quot;background_slideshow_transition_duration&quot;:500}\">\n\t\t\t\t\t\t\t<div class=\"elementor-background-overlay\"><\/div>\n\t\t\t\t\t\t<div class=\"elementor-shape elementor-shape-bottom\" data-negative=\"false\">\n\t\t\t<svg xmlns=\"http:\/\/www.w3.org\/2000\/svg\" viewBox=\"0 0 1000 100\" preserveAspectRatio=\"none\">\n\t<path class=\"elementor-shape-fill\" opacity=\"0.33\" d=\"M473,67.3c-203.9,88.3-263.1-34-320.3,0C66,119.1,0,59.7,0,59.7V0h1000v59.7 c0,0-62.1,26.1-94.9,29.3c-32.8,3.3-62.8-12.3-75.8-22.1C806,49.6,745.3,8.7,694.9,4.7S492.4,59,473,67.3z\"\/>\n\t<path class=\"elementor-shape-fill\" opacity=\"0.66\" d=\"M734,67.3c-45.5,0-77.2-23.2-129.1-39.1c-28.6-8.7-150.3-10.1-254,39.1 s-91.7-34.4-149.2,0C115.7,118.3,0,39.8,0,39.8V0h1000v36.5c0,0-28.2-18.5-92.1-18.5C810.2,18.1,775.7,67.3,734,67.3z\"\/>\n\t<path class=\"elementor-shape-fill\" d=\"M766.1,28.9c-200-57.5-266,65.5-395.1,19.5C242,1.8,242,5.4,184.8,20.6C128,35.8,132.3,44.9,89.9,52.5C28.6,63.7,0,0,0,0 h1000c0,0-9.9,40.9-83.6,48.1S829.6,47,766.1,28.9z\"\/>\n<\/svg>\t\t<\/div>\n\t\t\t\t\t<div class=\"elementor-container elementor-column-gap-no\">\n\t\t\t\t\t<div class=\"elementor-column elementor-col-100 elementor-top-column elementor-element elementor-element-b4776ad\" data-id=\"b4776ad\" data-element_type=\"column\">\n\t\t\t<div class=\"elementor-widget-wrap elementor-element-populated\">\n\t\t\t\t\t\t<section class=\"elementor-section elementor-inner-section elementor-element elementor-element-cfdaa3d elementor-section-boxed elementor-section-height-default elementor-section-height-default\" data-id=\"cfdaa3d\" data-element_type=\"section\">\n\t\t\t\t\t\t<div class=\"elementor-container elementor-column-gap-wide\">\n\t\t\t\t\t<div class=\"elementor-column elementor-col-50 elementor-inner-column elementor-element elementor-element-6e823b7\" data-id=\"6e823b7\" data-element_type=\"column\">\n\t\t\t<div class=\"elementor-widget-wrap elementor-element-populated\">\n\t\t\t\t\t\t<div class=\"elementor-element elementor-element-160664d elementor-widget elementor-widget-image\" data-id=\"160664d\" data-element_type=\"widget\" data-widget_type=\"image.default\">\n\t\t\t\t<div class=\"elementor-widget-container\">\n\t\t\t\t\t\t\t\t\t\t\t\t\t\t\t<img fetchpriority=\"high\" decoding=\"async\" width=\"468\" height=\"111\" src=\"https:\/\/tottun.com.br\/e-book\/wp-content\/uploads\/2023\/10\/logotipo_tottun.png\" class=\"attachment-large size-large wp-image-6952\" alt=\"\" srcset=\"https:\/\/tottun.com.br\/e-book\/wp-content\/uploads\/2023\/10\/logotipo_tottun.png 468w, https:\/\/tottun.com.br\/e-book\/wp-content\/uploads\/2023\/10\/logotipo_tottun-300x71.png 300w\" sizes=\"(max-width: 468px) 100vw, 468px\" \/>\t\t\t\t\t\t\t\t\t\t\t\t\t\t\t<\/div>\n\t\t\t\t<\/div>\n\t\t\t\t<div class=\"elementor-element elementor-element-80a0ca9 elementor-widget elementor-widget-heading\" data-id=\"80a0ca9\" data-element_type=\"widget\" data-widget_type=\"heading.default\">\n\t\t\t\t<div class=\"elementor-widget-container\">\n\t\t\t\t\t<h2 class=\"elementor-heading-title elementor-size-default\">Transforme seus projetos em realidade com nossos e-books gratuitos!<\/h2>\t\t\t\t<\/div>\n\t\t\t\t<\/div>\n\t\t\t\t<div class=\"elementor-element elementor-element-9bab5ff elementor-widget elementor-widget-text-editor\" data-id=\"9bab5ff\" data-element_type=\"widget\" data-widget_type=\"text-editor.default\">\n\t\t\t\t<div class=\"elementor-widget-container\">\n\t\t\t\t\t\t\t\t\t<p>Descubra os segredos para reformar, economizar em sua obra e escolher o terreno perfeito!<\/p><p>Voc\u00ea est\u00e1 pronto para transformar seus projetos de constru\u00e7\u00e3o e reforma em realidade? Quer economizar tempo e dinheiro e fazer escolhas inteligentes ao adquirir um terreno para construir? <strong>Nossos e-books gratuitos s\u00e3o a resposta!<\/strong><\/p>\t\t\t\t\t\t\t\t<\/div>\n\t\t\t\t<\/div>\n\t\t\t\t<div class=\"elementor-element elementor-element-98f06cc elementor-widget elementor-widget-button\" data-id=\"98f06cc\" data-element_type=\"widget\" data-widget_type=\"button.default\">\n\t\t\t\t<div class=\"elementor-widget-container\">\n\t\t\t\t\t\t\t\t\t<div class=\"elementor-button-wrapper\">\n\t\t\t\t\t<a class=\"elementor-button elementor-button-link elementor-size-sm\" href=\"#guias\">\n\t\t\t\t\t\t<span class=\"elementor-button-content-wrapper\">\n\t\t\t\t\t\t\t\t\t<span class=\"elementor-button-text\">BAIXE NOSSOS GUIAS<\/span>\n\t\t\t\t\t<\/span>\n\t\t\t\t\t<\/a>\n\t\t\t\t<\/div>\n\t\t\t\t\t\t\t\t<\/div>\n\t\t\t\t<\/div>\n\t\t\t\t<div class=\"elementor-element elementor-element-69fb567 elementor-widget-divider--view-line elementor-widget elementor-widget-divider\" data-id=\"69fb567\" data-element_type=\"widget\" data-widget_type=\"divider.default\">\n\t\t\t\t<div class=\"elementor-widget-container\">\n\t\t\t\t\t\t\t<div class=\"elementor-divider\">\n\t\t\t<span class=\"elementor-divider-separator\">\n\t\t\t\t\t\t<\/span>\n\t\t<\/div>\n\t\t\t\t\t\t<\/div>\n\t\t\t\t<\/div>\n\t\t\t\t\t<\/div>\n\t\t<\/div>\n\t\t\t\t<div class=\"elementor-column elementor-col-50 elementor-inner-column elementor-element elementor-element-aac0791\" data-id=\"aac0791\" data-element_type=\"column\">\n\t\t\t<div class=\"elementor-widget-wrap\">\n\t\t\t\t\t\t\t<\/div>\n\t\t<\/div>\n\t\t\t\t\t<\/div>\n\t\t<\/section>\n\t\t\t\t\t<\/div>\n\t\t<\/div>\n\t\t\t\t\t<\/div>\n\t\t<\/section>\n\t\t\t\t<section class=\"elementor-section elementor-top-section elementor-element elementor-element-085177c elementor-section-boxed elementor-section-height-default elementor-section-height-default\" data-id=\"085177c\" data-element_type=\"section\" id=\"guias\">\n\t\t\t\t\t\t<div class=\"elementor-container elementor-column-gap-no\">\n\t\t\t\t\t<div class=\"elementor-column elementor-col-33 elementor-top-column elementor-element elementor-element-fdaf6ec\" data-id=\"fdaf6ec\" data-element_type=\"column\">\n\t\t\t<div class=\"elementor-widget-wrap elementor-element-populated\">\n\t\t\t\t\t\t<div class=\"elementor-element elementor-element-39cf70c elementor-position-left tmnf_img_box elementor-vertical-align-top elementor-widget elementor-widget-image-box\" data-id=\"39cf70c\" data-element_type=\"widget\" data-widget_type=\"image-box.default\">\n\t\t\t\t<div class=\"elementor-widget-container\">\n\t\t\t\t\t<div class=\"elementor-image-box-wrapper\"><figure class=\"elementor-image-box-img\"><a href=\"#ebook\" tabindex=\"-1\"><img decoding=\"async\" width=\"128\" height=\"128\" src=\"https:\/\/tottun.com.br\/e-book\/wp-content\/uploads\/2022\/09\/003-pencil.png\" class=\"attachment-full size-full wp-image-6306\" alt=\"\" srcset=\"https:\/\/tottun.com.br\/e-book\/wp-content\/uploads\/2022\/09\/003-pencil.png 128w, https:\/\/tottun.com.br\/e-book\/wp-content\/uploads\/2022\/09\/003-pencil-90x90.png 90w\" sizes=\"(max-width: 128px) 100vw, 128px\" \/><\/a><\/figure><div class=\"elementor-image-box-content\"><h4 class=\"elementor-image-box-title\"><a href=\"#ebook\">Voc\u00ea sabe como economizar na sua obra<\/a><\/h4><p class=\"elementor-image-box-description\">Passo a passo para uma obra eficiente e econ\u00f4mica.<\/p><\/div><\/div>\t\t\t\t<\/div>\n\t\t\t\t<\/div>\n\t\t\t\t\t<\/div>\n\t\t<\/div>\n\t\t\t\t<div class=\"elementor-column elementor-col-33 elementor-top-column elementor-element elementor-element-42acd8b\" data-id=\"42acd8b\" data-element_type=\"column\">\n\t\t\t<div class=\"elementor-widget-wrap elementor-element-populated\">\n\t\t\t\t\t\t<div class=\"elementor-element elementor-element-b7050f4 elementor-position-left tmnf_img_box elementor-vertical-align-top elementor-widget elementor-widget-image-box\" data-id=\"b7050f4\" data-element_type=\"widget\" data-widget_type=\"image-box.default\">\n\t\t\t\t<div class=\"elementor-widget-container\">\n\t\t\t\t\t<div class=\"elementor-image-box-wrapper\"><figure class=\"elementor-image-box-img\"><a href=\"#ebook\" tabindex=\"-1\"><img decoding=\"async\" width=\"128\" height=\"128\" src=\"https:\/\/tottun.com.br\/e-book\/wp-content\/uploads\/2022\/09\/009-wheel-barrow.png\" class=\"attachment-full size-full wp-image-6308\" alt=\"\" srcset=\"https:\/\/tottun.com.br\/e-book\/wp-content\/uploads\/2022\/09\/009-wheel-barrow.png 128w, https:\/\/tottun.com.br\/e-book\/wp-content\/uploads\/2022\/09\/009-wheel-barrow-90x90.png 90w\" sizes=\"(max-width: 128px) 100vw, 128px\" \/><\/a><\/figure><div class=\"elementor-image-box-content\"><h4 class=\"elementor-image-box-title\"><a href=\"#ebook\">Reforma<br> sem Neuras<\/a><\/h4><p class=\"elementor-image-box-description\">6 dicas indispens\u00e1veis para iniciar a sua reforma<\/p><\/div><\/div>\t\t\t\t<\/div>\n\t\t\t\t<\/div>\n\t\t\t\t\t<\/div>\n\t\t<\/div>\n\t\t\t\t<div class=\"elementor-column elementor-col-33 elementor-top-column elementor-element elementor-element-25138d6\" data-id=\"25138d6\" data-element_type=\"column\">\n\t\t\t<div class=\"elementor-widget-wrap elementor-element-populated\">\n\t\t\t\t\t\t<div class=\"elementor-element elementor-element-2973aa4 elementor-position-left tmnf_img_box elementor-vertical-align-top elementor-widget elementor-widget-image-box\" data-id=\"2973aa4\" data-element_type=\"widget\" data-widget_type=\"image-box.default\">\n\t\t\t\t<div class=\"elementor-widget-container\">\n\t\t\t\t\t<div class=\"elementor-image-box-wrapper\"><figure class=\"elementor-image-box-img\"><a href=\"#ebook\" tabindex=\"-1\"><img loading=\"lazy\" decoding=\"async\" width=\"128\" height=\"128\" src=\"https:\/\/tottun.com.br\/e-book\/wp-content\/uploads\/2022\/09\/004-shovel.png\" class=\"attachment-full size-full wp-image-6307\" alt=\"\" srcset=\"https:\/\/tottun.com.br\/e-book\/wp-content\/uploads\/2022\/09\/004-shovel.png 128w, https:\/\/tottun.com.br\/e-book\/wp-content\/uploads\/2022\/09\/004-shovel-90x90.png 90w\" sizes=\"(max-width: 128px) 100vw, 128px\" \/><\/a><\/figure><div class=\"elementor-image-box-content\"><h4 class=\"elementor-image-box-title\"><a href=\"#ebook\">Como escolher o terreno ideal para construir<\/a><\/h4><p class=\"elementor-image-box-description\">Tudo o que voc\u00ea deve saber antes de comprar.<\/p><\/div><\/div>\t\t\t\t<\/div>\n\t\t\t\t<\/div>\n\t\t\t\t\t<\/div>\n\t\t<\/div>\n\t\t\t\t\t<\/div>\n\t\t<\/section>\n\t\t\t\t<section class=\"elementor-section elementor-top-section elementor-element elementor-element-11e18e0 elementor-section-boxed elementor-section-height-default elementor-section-height-default\" data-id=\"11e18e0\" data-element_type=\"section\" id=\"ebook\">\n\t\t\t\t\t\t<div class=\"elementor-container elementor-column-gap-no\">\n\t\t\t\t\t<div class=\"elementor-column elementor-col-50 elementor-top-column elementor-element elementor-element-f45e836\" data-id=\"f45e836\" data-element_type=\"column\" data-settings=\"{&quot;background_background&quot;:&quot;classic&quot;}\">\n\t\t\t<div class=\"elementor-widget-wrap elementor-element-populated\">\n\t\t\t\t\t\t<div class=\"elementor-element elementor-element-62e94f0 elementor-position-left elementor-vertical-align-middle elementor-widget elementor-widget-image-box\" data-id=\"62e94f0\" data-element_type=\"widget\" data-widget_type=\"image-box.default\">\n\t\t\t\t<div class=\"elementor-widget-container\">\n\t\t\t\t\t<div class=\"elementor-image-box-wrapper\"><figure class=\"elementor-image-box-img\"><img loading=\"lazy\" decoding=\"async\" width=\"544\" height=\"600\" src=\"https:\/\/tottun.com.br\/e-book\/wp-content\/uploads\/2023\/10\/idealizadores-tottun.jpg\" class=\"attachment-full size-full wp-image-6971\" alt=\"\" srcset=\"https:\/\/tottun.com.br\/e-book\/wp-content\/uploads\/2023\/10\/idealizadores-tottun.jpg 544w, https:\/\/tottun.com.br\/e-book\/wp-content\/uploads\/2023\/10\/idealizadores-tottun-272x300.jpg 272w\" sizes=\"(max-width: 544px) 100vw, 544px\" \/><\/figure><div class=\"elementor-image-box-content\"><h3 class=\"elementor-image-box-title\">Quem est\u00e1 por tr\u00e1s desse e-book<\/h3><p class=\"elementor-image-box-description\">Cris Peroli, Designer de Interiores e Rennan Viegas, Engenheiro Civil s\u00e3o profissionais movidos pelas constante inquieta\u00e7\u00e3o uniram prop\u00f3sitos empenhados em desenvolver trabalhos impactantes.<\/p><\/div><\/div>\t\t\t\t<\/div>\n\t\t\t\t<\/div>\n\t\t\t\t<div class=\"elementor-element elementor-element-8d942e3 elementor-widget elementor-widget-text-editor\" data-id=\"8d942e3\" data-element_type=\"widget\" data-widget_type=\"text-editor.default\">\n\t\t\t\t<div class=\"elementor-widget-container\">\n\t\t\t\t\t\t\t\t\t<p><strong>Aprendemos no dia a dia, no passo a passo das melhores formas de sermos melhores e somos muito gratos por isso!<\/strong><\/p>\t\t\t\t\t\t\t\t<\/div>\n\t\t\t\t<\/div>\n\t\t\t\t<div class=\"elementor-element elementor-element-300fa3b elementor-widget-divider--view-line elementor-widget elementor-widget-divider\" data-id=\"300fa3b\" data-element_type=\"widget\" data-widget_type=\"divider.default\">\n\t\t\t\t<div class=\"elementor-widget-container\">\n\t\t\t\t\t\t\t<div class=\"elementor-divider\">\n\t\t\t<span class=\"elementor-divider-separator\">\n\t\t\t\t\t\t<\/span>\n\t\t<\/div>\n\t\t\t\t\t\t<\/div>\n\t\t\t\t<\/div>\n\t\t\t\t\t<\/div>\n\t\t<\/div>\n\t\t\t\t<div class=\"elementor-column elementor-col-50 elementor-top-column elementor-element elementor-element-0971696\" data-id=\"0971696\" data-element_type=\"column\">\n\t\t\t<div class=\"elementor-widget-wrap elementor-element-populated\">\n\t\t\t\t\t\t<section class=\"elementor-section elementor-inner-section elementor-element elementor-element-47b0aef elementor-section-boxed elementor-section-height-default elementor-section-height-default\" data-id=\"47b0aef\" data-element_type=\"section\">\n\t\t\t\t\t\t<div class=\"elementor-container elementor-column-gap-wide\">\n\t\t\t\t\t<div class=\"elementor-column elementor-col-100 elementor-inner-column elementor-element elementor-element-228a0ed\" data-id=\"228a0ed\" data-element_type=\"column\">\n\t\t\t<div class=\"elementor-widget-wrap elementor-element-populated\">\n\t\t\t\t\t\t<div class=\"elementor-element elementor-element-f28e4f3 elementor-widget elementor-widget-heading\" data-id=\"f28e4f3\" data-element_type=\"widget\" data-widget_type=\"heading.default\">\n\t\t\t\t<div class=\"elementor-widget-container\">\n\t\t\t\t\t<h2 class=\"elementor-heading-title elementor-size-default\">Preencha o formul\u00e1rio abaixo e fa\u00e7a o download dos e-books agora!<\/h2>\t\t\t\t<\/div>\n\t\t\t\t<\/div>\n\t\t\t\t<div class=\"elementor-element elementor-element-a3c13f7 elementor-widget elementor-widget-text-editor\" data-id=\"a3c13f7\" data-element_type=\"widget\" data-widget_type=\"text-editor.default\">\n\t\t\t\t<div class=\"elementor-widget-container\">\n\t\t\t\t\t\t\t\t\t<p>Com esses guias em m\u00e3os, voc\u00ea estar\u00e1 preparado para tomar decis\u00f5es informadas e garantir o sucesso dos seus projetos de constru\u00e7\u00e3o, reforma e aquisi\u00e7\u00e3o de terrenos.<\/p>\t\t\t\t\t\t\t\t<\/div>\n\t\t\t\t<\/div>\n\t\t\t\t<div class=\"elementor-element elementor-element-555cc97 elementor-button-align-stretch elementor-widget elementor-widget-form\" data-id=\"555cc97\" data-element_type=\"widget\" data-settings=\"{&quot;step_next_label&quot;:&quot;Next&quot;,&quot;step_previous_label&quot;:&quot;Previous&quot;,&quot;button_width&quot;:&quot;100&quot;,&quot;step_type&quot;:&quot;number_text&quot;,&quot;step_icon_shape&quot;:&quot;circle&quot;}\" data-widget_type=\"form.default\">\n\t\t\t\t<div class=\"elementor-widget-container\">\n\t\t\t\t\t\t\t<form class=\"elementor-form\" method=\"post\" name=\"Formul\u00e1rio E-book\">\n\t\t\t<input type=\"hidden\" name=\"post_id\" value=\"4079\"\/>\n\t\t\t<input type=\"hidden\" name=\"form_id\" value=\"555cc97\"\/>\n\t\t\t<input type=\"hidden\" name=\"referer_title\" value=\"\" \/>\n\n\t\t\t\n\t\t\t<div class=\"elementor-form-fields-wrapper elementor-labels-above\">\n\t\t\t\t\t\t\t\t<div class=\"elementor-field-type-text elementor-field-group elementor-column elementor-field-group-nome elementor-col-100\">\n\t\t\t\t\t\t\t\t\t\t\t\t<label for=\"form-field-nome\" class=\"elementor-field-label\">\n\t\t\t\t\t\t\t\tNome\t\t\t\t\t\t\t<\/label>\n\t\t\t\t\t\t\t\t\t\t\t\t\t\t<input size=\"1\" type=\"text\" name=\"form_fields[nome]\" id=\"form-field-nome\" class=\"elementor-field elementor-size-sm  elementor-field-textual\" placeholder=\"Nome\">\n\t\t\t\t\t\t\t\t\t\t\t<\/div>\n\t\t\t\t\t\t\t\t<div class=\"elementor-field-type-email elementor-field-group elementor-column elementor-field-group-email elementor-col-100 elementor-field-required elementor-mark-required\">\n\t\t\t\t\t\t\t\t\t\t\t\t<label for=\"form-field-email\" class=\"elementor-field-label\">\n\t\t\t\t\t\t\t\tE-mail\t\t\t\t\t\t\t<\/label>\n\t\t\t\t\t\t\t\t\t\t\t\t\t\t<input size=\"1\" type=\"email\" name=\"form_fields[email]\" id=\"form-field-email\" class=\"elementor-field elementor-size-sm  elementor-field-textual\" placeholder=\"E-mail\" required=\"required\" aria-required=\"true\">\n\t\t\t\t\t\t\t\t\t\t\t<\/div>\n\t\t\t\t\t\t\t\t<div class=\"elementor-field-type-tel elementor-field-group elementor-column elementor-field-group-telefone elementor-col-100 elementor-field-required elementor-mark-required\">\n\t\t\t\t\t\t\t\t\t\t\t\t<label for=\"form-field-telefone\" class=\"elementor-field-label\">\n\t\t\t\t\t\t\t\tTelefone\t\t\t\t\t\t\t<\/label>\n\t\t\t\t\t\t\t\t<input size=\"1\" type=\"tel\" name=\"form_fields[telefone]\" id=\"form-field-telefone\" class=\"elementor-field elementor-size-sm  elementor-field-textual\" placeholder=\"Telefone\" required=\"required\" aria-required=\"true\" pattern=\"[0-9()#&amp;+*-=.]+\" title=\"Only numbers and phone characters (#, -, *, etc) are accepted.\">\n\n\t\t\t\t\t\t<\/div>\n\t\t\t\t\t\t\t\t<div class=\"elementor-field-group elementor-column elementor-field-type-submit elementor-col-100 e-form__buttons\">\n\t\t\t\t\t<button type=\"submit\" class=\"elementor-button elementor-size-sm\">\n\t\t\t\t\t\t<span >\n\t\t\t\t\t\t\t\t\t\t\t\t\t\t\t<span class=\" elementor-button-icon\">\n\t\t\t\t\t\t\t\t\t\t\t\t\t\t\t\t\t\t\t\t\t\t\t\t\t\t<\/span>\n\t\t\t\t\t\t\t\t\t\t\t\t\t\t\t\t\t\t\t\t\t\t<span class=\"elementor-button-text\">Enviar<\/span>\n\t\t\t\t\t\t\t\t\t\t\t\t\t<\/span>\n\t\t\t\t\t<\/button>\n\t\t\t\t<\/div>\n\t\t\t<\/div>\n\t\t<\/form>\n\t\t\t\t\t\t<\/div>\n\t\t\t\t<\/div>\n\t\t\t\t\t<\/div>\n\t\t<\/div>\n\t\t\t\t\t<\/div>\n\t\t<\/section>\n\t\t\t\t\t<\/div>\n\t\t<\/div>\n\t\t\t\t\t<\/div>\n\t\t<\/section>\n\t\t<div class=\"elementor-element elementor-element-1a507e1 e-flex e-con-boxed e-con e-parent\" data-id=\"1a507e1\" data-element_type=\"container\" data-settings=\"{&quot;background_background&quot;:&quot;classic&quot;}\">\n\t\t\t\t\t<div class=\"e-con-inner\">\n\t\t\t\t<div class=\"elementor-element elementor-element-7584fb9 elementor-widget elementor-widget-text-editor\" data-id=\"7584fb9\" data-element_type=\"widget\" data-widget_type=\"text-editor.default\">\n\t\t\t\t<div class=\"elementor-widget-container\">\n\t\t\t\t\t\t\t\t\t<p>Tottun \u2022 Design | Arquitetura | Engenharia. 2023<\/p>\t\t\t\t\t\t\t\t<\/div>\n\t\t\t\t<\/div>\n\t\t\t\t\t<\/div>\n\t\t\t\t<\/div>\n\t\t\t\t<\/div>\n\t\t","protected":false},"excerpt":{"rendered":"<div class=\"tmnf_excerpt\"><p>Transforme seus projetos em realidade com nossos e-books gratuitos! Descubra os segredos para reformar, economizar em sua obra e escolher o terreno perfeito! Voc\u00ea est\u00e1 pronto para transformar seus projetos de constru\u00e7\u00e3o e reforma em realidade? Quer economizar tempo e dinheiro e fazer escolhas inteligentes ao adquirir um terreno para construir? Nossos e-books gratuitos s\u00e3o &hellip;<\/p>\n<\/div>","protected":false},"author":1,"featured_media":0,"parent":0,"menu_order":0,"comment_status":"closed","ping_status":"closed","template":"elementor_canvas","meta":{"footnotes":""},"class_list":["post-4079","page","type-page","status-publish","hentry"],"_links":{"self":[{"href":"https:\/\/tottun.com.br\/e-book\/wp-json\/wp\/v2\/pages\/4079","targetHints":{"allow":["GET"]}}],"collection":[{"href":"https:\/\/tottun.com.br\/e-book\/wp-json\/wp\/v2\/pages"}],"about":[{"href":"https:\/\/tottun.com.br\/e-book\/wp-json\/wp\/v2\/types\/page"}],"author":[{"embeddable":true,"href":"https:\/\/tottun.com.br\/e-book\/wp-json\/wp\/v2\/users\/1"}],"replies":[{"embeddable":true,"href":"https:\/\/tottun.com.br\/e-book\/wp-json\/wp\/v2\/comments?post=4079"}],"version-history":[{"count":313,"href":"https:\/\/tottun.com.br\/e-book\/wp-json\/wp\/v2\/pages\/4079\/revisions"}],"predecessor-version":[{"id":7252,"href":"https:\/\/tottun.com.br\/e-book\/wp-json\/wp\/v2\/pages\/4079\/revisions\/7252"}],"wp:attachment":[{"href":"https:\/\/tottun.com.br\/e-book\/wp-json\/wp\/v2\/media?parent=4079"}],"curies":[{"name":"wp","href":"https:\/\/api.w.org\/{rel}","templated":true}]}}